{"id":225,"date":"2014-07-23T11:15:37","date_gmt":"2014-07-23T10:15:37","guid":{"rendered":"http:\/\/gjimnazi-perla.edu.al\/?page_id=225"},"modified":"2021-10-17T18:57:08","modified_gmt":"2021-10-17T17:57:08","slug":"te-drejtat-e-nxenesit","status":"publish","type":"page","link":"https:\/\/gjimnazi-perla.edu.al\/?page_id=225","title":{"rendered":"Te drejtat e nxenesit"},"content":{"rendered":"<p>1. T\u00eb shfaq\u00eb lirisht mendimin e tij, me goje, me shkrim, publikisht, p\u00ebr probleme q\u00eb e shqet\u00ebsojn\u00eb at\u00eb, klas\u00ebn e tij, apo shkoll\u00ebn.<\/p>\n<p>2. T\u00eb mbrohet nga dhuna fizike e psikologjike e t\u2019i respektohet dinjiteti.<\/p>\n<p>3. T\u00eb njoh\u00eb Konvent\u00ebn e t\u00eb Drejtave t\u00eb F\u00ebmij\u00ebve dhe t\u00eb k\u00ebrkoj\u00eb respektimin e saj prej t\u00eb tjer\u00ebve.<\/p>\n<p>4. T\u00eb zgjedh\u00eb apo t\u00eb zgjidhet n\u00eb senatin e klas\u00ebs.<\/p>\n<p>5. T\u00eb marr\u00eb pjes\u00eb n\u00eb mbledhjet e ndryshme t\u00eb klas\u00ebs, shkoll\u00ebs.<\/p>\n<p>6. T\u00eb marr\u00eb pjes\u00eb n\u00eb veprimtarit\u00eb kulturore-sportive q\u00eb zhvillon klasa ose shkolla.<\/p>\n<p>7. T\u00eb ankohet n\u00eb drejtorin\u00eb e shkoll\u00ebs kur e gjykon q\u00eb ka t\u00eb drejt\u00eb.<\/p>\n<p>8. N\u00eb raste t\u00eb ve\u00e7anta t\u00eb marr\u00eb leje n\u00ebp\u00ebrmjet prindit tek m\u00ebsuesi kujdestar.<\/p>\n<p>9. T\u00eb marr\u00eb nga m\u00ebsuesi punimet e tij me shkrim per t\u2019i studiuar e reflektuar mbi to.<\/p>\n<p>10. T\u00eb k\u00ebrkoj\u00eb dhe t\u00eb marr\u00eb dokumentin p\u00ebrkat\u00ebs p\u00ebr mbarimin e klas\u00ebs, shkoll\u00ebs, apo kur largohet n\u00eb shkoll\u00eb tjet\u00ebr.<\/p>\n<p><strong>DREJTORI\u00a0\u00a0\u00a0\u00a0\u00a0\u00a0\u00a0\u00a0\u00a0\u00a0\u00a0\u00a0\u00a0\u00a0\u00a0\u00a0\u00a0\u00a0\u00a0\u00a0\u00a0\u00a0\u00a0\u00a0\u00a0\u00a0\u00a0\u00a0\u00a0\u00a0\u00a0 \u00a0\u00a0\u00a0\u00a0\u00a0\u00a0\u00a0\u00a0\u00a0\u00a0\u00a0\u00a0\u00a0\u00a0\u00a0\u00a0\u00a0\u00a0\u00a0\u00a0\u00a0\u00a0\u00a0 \u00a0\u00a0\u00a0\u00a0\u00a0\u00a0\u00a0\u00a0\u00a0\u00a0\u00a0 \u00a0\u00a0\u00a0\u00a0\u00a0\u00a0\u00a0\u00a0\u00a0\u00a0\u00a0\u00a0\u00a0\u00a0\u00a0\u00a0\u00a0\u00a0\u00a0\u00a0\u00a0\u00a0\u00a0 PRESIDENTI<\/strong><\/p>\n<p><strong>Leka Skendaj\u00a0 \u00a0 \u00a0 \u00a0 \u00a0 \u00a0 \u00a0 \u00a0 \u00a0 \u00a0 \u00a0 \u00a0 \u00a0 \u00a0 \u00a0 \u00a0 \u00a0 \u00a0 \u00a0 \u00a0 \u00a0 \u00a0 \u00a0 \u00a0 \u00a0 \u00a0 \u00a0 \u00a0 \u00a0 \u00a0 \u00a0 \u00a0 \u00a0 \u00a0 \u00a0 \u00a0 \u00a0 \u00a0 \u00a0 \u00a0 \u00a0 \u00a0 Petrit Golemaj<\/strong><\/p>\n","protected":false},"excerpt":{"rendered":"<p>1. T\u00eb shfaq\u00eb lirisht mendimin e tij, me goje, me shkrim, publikisht, p\u00ebr probleme q\u00eb e shqet\u00ebsojn\u00eb at\u00eb, klas\u00ebn e tij, apo shkoll\u00ebn. 2. T\u00eb mbrohet nga dhuna fizike e psikologjike e t\u2019i respektohet dinjiteti. 3. T\u00eb njoh\u00eb Konvent\u00ebn e t\u00eb Drejtave t\u00eb F\u00ebmij\u00ebve dhe t\u00eb k\u00ebrkoj\u00eb respektimin e saj prej t\u00eb tjer\u00ebve. 4. T\u00eb [&hellip;]<\/p>\n","protected":false},"author":1,"featured_media":0,"parent":96,"menu_order":2,"comment_status":"open","ping_status":"open","template":"","meta":{"footnotes":""},"class_list":["post-225","page","type-page","status-publish","hentry"],"_links":{"self":[{"href":"https:\/\/gjimnazi-perla.edu.al\/index.php?rest_route=\/wp\/v2\/pages\/225","targetHints":{"allow":["GET"]}}],"collection":[{"href":"https:\/\/gjimnazi-perla.edu.al\/index.php?rest_route=\/wp\/v2\/pages"}],"about":[{"href":"https:\/\/gjimnazi-perla.edu.al\/index.php?rest_route=\/wp\/v2\/types\/page"}],"author":[{"embeddable":true,"href":"https:\/\/gjimnazi-perla.edu.al\/index.php?rest_route=\/wp\/v2\/users\/1"}],"replies":[{"embeddable":true,"href":"https:\/\/gjimnazi-perla.edu.al\/index.php?rest_route=%2Fwp%2Fv2%2Fcomments&post=225"}],"version-history":[{"count":6,"href":"https:\/\/gjimnazi-perla.edu.al\/index.php?rest_route=\/wp\/v2\/pages\/225\/revisions"}],"predecessor-version":[{"id":1540,"href":"https:\/\/gjimnazi-perla.edu.al\/index.php?rest_route=\/wp\/v2\/pages\/225\/revisions\/1540"}],"up":[{"embeddable":true,"href":"https:\/\/gjimnazi-perla.edu.al\/index.php?rest_route=\/wp\/v2\/pages\/96"}],"wp:attachment":[{"href":"https:\/\/gjimnazi-perla.edu.al\/index.php?rest_route=%2Fwp%2Fv2%2Fmedia&parent=225"}],"curies":[{"name":"wp","href":"https:\/\/api.w.org\/{rel}","templated":true}]}}