{"id":1480,"date":"2020-05-03T20:43:44","date_gmt":"2020-05-03T19:43:44","guid":{"rendered":"http:\/\/gjimnazi-perla.edu.al\/?page_id=1480"},"modified":"2020-05-03T20:43:44","modified_gmt":"2020-05-03T19:43:44","slug":"trajnime","status":"publish","type":"page","link":"https:\/\/gjimnazi-perla.edu.al\/?page_id=1480","title":{"rendered":"Trajnime"},"content":{"rendered":"<p>Stafi i shkoll\u00ebs PERLA ka kryer sot trajnimin e radh\u00ebs p\u00ebr zhvillimin e m\u00ebsimit online n\u00eb nj\u00eb platform\u00eb t\u00eb unifikuar, p\u00ebr nx\u00ebn\u00ebsit e m\u00ebsuesit, tashm\u00eb jo nga sht\u00ebpit\u00eb, por nga ambientet e shkoll\u00ebs.<br \/> Trajnimi b\u00ebhet me synim p\u00ebrfshirjen e maturant\u00ebve n\u00eb m\u00ebnyr\u00eb aktive n\u00eb parap\u00ebrgatitjen p\u00ebr provimet e Matur\u00ebs Shtet\u00ebrore deri n\u00eb rikthimin e tyre n\u00eb 18 maj n\u00eb bangat e shkoll\u00ebs!<br \/> Trajnimi kishte si q\u00ebllim edhe parap\u00ebrgatitjen p\u00ebr vijim\u00ebsin\u00eb e m\u00ebsimit online edhe p\u00ebr t\u00eb gjitha nivelet e tjera shkollore nga klasa e par\u00eb deri n\u00eb klas\u00ebn e nj\u00ebmb\u00ebdhjet\u00eb!  <\/p>\n<p>M\u00ebsimi online do t\u00eb  zhvillohet nga ambientet e shkoll\u00ebs, edhe p\u00ebr q\u00ebllimin e mb\u00ebshtetjes psikologjike t\u00eb maturant\u00ebve n\u00eb p\u00ebrgatitjen p\u00ebr provimet e Matur\u00ebs, por edhe p\u00ebr mb\u00ebshtetjen psikologjike t\u00eb nx\u00ebn\u00ebsve t\u00eb klasave t\u00eb nd\u00ebrmjetme, q\u00eb t\u00eb ndiejn\u00eb pranin\u00eb dhe mb\u00ebshtetjen e shkoll\u00ebs n\u00eb k\u00ebt\u00eb situat\u00eb t\u00eb v\u00ebshtir\u00eb!<\/p>\n<ul class=\"wp-block-gallery columns-3 is-cropped wp-block-gallery-1 is-layout-flex wp-block-gallery-is-layout-flex\">\n<li class=\"blocks-gallery-item\">\n<figure><img loading=\"lazy\" decoding=\"async\" width=\"1024\" height=\"576\" src=\"http:\/\/gjimnazi-perla.edu.al\/wp-content\/uploads\/2020\/05\/DSC02298-1024x576.jpg\" alt=\"\" data-id=\"1475\" data-link=\"http:\/\/gjimnazi-perla.edu.al\/?attachment_id=1475\" class=\"wp-image-1475\" srcset=\"https:\/\/gjimnazi-perla.edu.al\/wp-content\/uploads\/2020\/05\/DSC02298-1024x576.jpg 1024w, https:\/\/gjimnazi-perla.edu.al\/wp-content\/uploads\/2020\/05\/DSC02298-300x169.jpg 300w, https:\/\/gjimnazi-perla.edu.al\/wp-content\/uploads\/2020\/05\/DSC02298-768x432.jpg 768w\" sizes=\"auto, (max-width: 1024px) 100vw, 1024px\" \/><\/figure>\n<\/li>\n<li class=\"blocks-gallery-item\">\n<figure><img loading=\"lazy\" decoding=\"async\" width=\"1024\" height=\"576\" src=\"http:\/\/gjimnazi-perla.edu.al\/wp-content\/uploads\/2020\/05\/DSC02296-1024x576.jpg\" alt=\"\" data-id=\"1474\" data-link=\"http:\/\/gjimnazi-perla.edu.al\/?attachment_id=1474\" class=\"wp-image-1474\" srcset=\"https:\/\/gjimnazi-perla.edu.al\/wp-content\/uploads\/2020\/05\/DSC02296-1024x576.jpg 1024w, https:\/\/gjimnazi-perla.edu.al\/wp-content\/uploads\/2020\/05\/DSC02296-300x169.jpg 300w, https:\/\/gjimnazi-perla.edu.al\/wp-content\/uploads\/2020\/05\/DSC02296-768x432.jpg 768w\" sizes=\"auto, (max-width: 1024px) 100vw, 1024px\" \/><\/figure>\n<\/li>\n<li class=\"blocks-gallery-item\">\n<figure><img loading=\"lazy\" decoding=\"async\" width=\"1024\" height=\"576\" src=\"http:\/\/gjimnazi-perla.edu.al\/wp-content\/uploads\/2020\/05\/DSC02295-1024x576.jpg\" alt=\"\" data-id=\"1473\" data-link=\"http:\/\/gjimnazi-perla.edu.al\/?attachment_id=1473\" class=\"wp-image-1473\" srcset=\"https:\/\/gjimnazi-perla.edu.al\/wp-content\/uploads\/2020\/05\/DSC02295-1024x576.jpg 1024w, https:\/\/gjimnazi-perla.edu.al\/wp-content\/uploads\/2020\/05\/DSC02295-300x169.jpg 300w, https:\/\/gjimnazi-perla.edu.al\/wp-content\/uploads\/2020\/05\/DSC02295-768x432.jpg 768w\" sizes=\"auto, (max-width: 1024px) 100vw, 1024px\" \/><\/figure>\n<\/li>\n<li class=\"blocks-gallery-item\">\n<figure><img loading=\"lazy\" decoding=\"async\" width=\"1024\" height=\"576\" src=\"http:\/\/gjimnazi-perla.edu.al\/wp-content\/uploads\/2020\/05\/DSC02300-1024x576.jpg\" alt=\"\" data-id=\"1477\" data-link=\"http:\/\/gjimnazi-perla.edu.al\/?attachment_id=1477\" class=\"wp-image-1477\" srcset=\"https:\/\/gjimnazi-perla.edu.al\/wp-content\/uploads\/2020\/05\/DSC02300-1024x576.jpg 1024w, https:\/\/gjimnazi-perla.edu.al\/wp-content\/uploads\/2020\/05\/DSC02300-300x169.jpg 300w, https:\/\/gjimnazi-perla.edu.al\/wp-content\/uploads\/2020\/05\/DSC02300-768x432.jpg 768w\" sizes=\"auto, (max-width: 1024px) 100vw, 1024px\" \/><\/figure>\n<\/li>\n<li class=\"blocks-gallery-item\">\n<figure><img loading=\"lazy\" decoding=\"async\" width=\"1024\" height=\"576\" src=\"http:\/\/gjimnazi-perla.edu.al\/wp-content\/uploads\/2020\/05\/DSC02304-1024x576.jpg\" alt=\"\" data-id=\"1479\" data-link=\"http:\/\/gjimnazi-perla.edu.al\/?attachment_id=1479\" class=\"wp-image-1479\" srcset=\"https:\/\/gjimnazi-perla.edu.al\/wp-content\/uploads\/2020\/05\/DSC02304-1024x576.jpg 1024w, https:\/\/gjimnazi-perla.edu.al\/wp-content\/uploads\/2020\/05\/DSC02304-300x169.jpg 300w, https:\/\/gjimnazi-perla.edu.al\/wp-content\/uploads\/2020\/05\/DSC02304-768x432.jpg 768w\" sizes=\"auto, (max-width: 1024px) 100vw, 1024px\" \/><\/figure>\n<\/li>\n<li class=\"blocks-gallery-item\">\n<figure><img loading=\"lazy\" decoding=\"async\" width=\"1024\" height=\"576\" src=\"http:\/\/gjimnazi-perla.edu.al\/wp-content\/uploads\/2020\/05\/DSC02299-1024x576.jpg\" alt=\"\" data-id=\"1476\" data-link=\"http:\/\/gjimnazi-perla.edu.al\/?attachment_id=1476\" class=\"wp-image-1476\" srcset=\"https:\/\/gjimnazi-perla.edu.al\/wp-content\/uploads\/2020\/05\/DSC02299-1024x576.jpg 1024w, https:\/\/gjimnazi-perla.edu.al\/wp-content\/uploads\/2020\/05\/DSC02299-300x169.jpg 300w, https:\/\/gjimnazi-perla.edu.al\/wp-content\/uploads\/2020\/05\/DSC02299-768x432.jpg 768w\" sizes=\"auto, (max-width: 1024px) 100vw, 1024px\" \/><\/figure>\n<\/li>\n<\/ul>\n","protected":false},"excerpt":{"rendered":"<p>Stafi i shkoll\u00ebs PERLA ka kryer sot trajnimin e radh\u00ebs p\u00ebr zhvillimin e m\u00ebsimit online n\u00eb nj\u00eb platform\u00eb t\u00eb unifikuar, p\u00ebr nx\u00ebn\u00ebsit e m\u00ebsuesit, tashm\u00eb jo nga sht\u00ebpit\u00eb, por nga ambientet e shkoll\u00ebs. Trajnimi b\u00ebhet me synim p\u00ebrfshirjen e maturant\u00ebve n\u00eb m\u00ebnyr\u00eb aktive n\u00eb parap\u00ebrgatitjen p\u00ebr provimet e Matur\u00ebs Shtet\u00ebrore deri n\u00eb rikthimin e tyre [&hellip;]<\/p>\n","protected":false},"author":1,"featured_media":0,"parent":0,"menu_order":0,"comment_status":"closed","ping_status":"closed","template":"","meta":{"footnotes":""},"class_list":["post-1480","page","type-page","status-publish","hentry"],"_links":{"self":[{"href":"https:\/\/gjimnazi-perla.edu.al\/index.php?rest_route=\/wp\/v2\/pages\/1480","targetHints":{"allow":["GET"]}}],"collection":[{"href":"https:\/\/gjimnazi-perla.edu.al\/index.php?rest_route=\/wp\/v2\/pages"}],"about":[{"href":"https:\/\/gjimnazi-perla.edu.al\/index.php?rest_route=\/wp\/v2\/types\/page"}],"author":[{"embeddable":true,"href":"https:\/\/gjimnazi-perla.edu.al\/index.php?rest_route=\/wp\/v2\/users\/1"}],"replies":[{"embeddable":true,"href":"https:\/\/gjimnazi-perla.edu.al\/index.php?rest_route=%2Fwp%2Fv2%2Fcomments&post=1480"}],"version-history":[{"count":1,"href":"https:\/\/gjimnazi-perla.edu.al\/index.php?rest_route=\/wp\/v2\/pages\/1480\/revisions"}],"predecessor-version":[{"id":1483,"href":"https:\/\/gjimnazi-perla.edu.al\/index.php?rest_route=\/wp\/v2\/pages\/1480\/revisions\/1483"}],"wp:attachment":[{"href":"https:\/\/gjimnazi-perla.edu.al\/index.php?rest_route=%2Fwp%2Fv2%2Fmedia&parent=1480"}],"curies":[{"name":"wp","href":"https:\/\/api.w.org\/{rel}","templated":true}]}}