{"id":1435,"date":"2019-08-27T14:21:57","date_gmt":"2019-08-27T13:21:57","guid":{"rendered":"http:\/\/gjimnazi-perla.edu.al\/?page_id=1435"},"modified":"2022-11-17T11:13:53","modified_gmt":"2022-11-17T10:13:53","slug":"shkolla-jopublike-perla-vlore-ka-celur-regjistrimet-per-vitin-akademik-2019-2020-nga-klasa-i-xii-te-%f0%9f%8f%ab%f0%9f%93%9a%f0%9f%91%ab","status":"publish","type":"page","link":"https:\/\/gjimnazi-perla.edu.al\/","title":{"rendered":"Shkolla Jopublike &#8220;PERLA&#8221;-  Vlor\u00eb"},"content":{"rendered":"<p>\ud83d\udc69\ud83c\udffb\u200d\ud83c\udfeb\ud83d\udc68\u200d\ud83c\udfeb&nbsp;STAF me p\u00ebrgjegjshm\u00ebri t\u00eb lart\u00eb n\u00eb pun\u00eb.<br \/>\ud83d\udcd6KURRIKULA dhe m\u00ebsimdh\u00ebnie e nd\u00ebrthurur me metoda bashk\u00ebkohore dhe teknologjin\u00eb e fjal\u00ebs s\u00eb fundit.<br \/>\ud83e\udde9AFTERSCHOOL(Edukim pas shkolle) sh\u00ebrbim i diferencuar q\u00eb plot\u00ebson procesin e edukimit, zhvillon aft\u00ebsi sociale, zbulon talentet dhe nxit kreativitetin.<br \/>\ud83d\udde3&nbsp;M\u00ebsim i gjuh\u00ebs ANGLEZE q\u00eb zhvillohet 3 her\u00eb n\u00eb jav\u00eb, dhe gjuh\u00ebt GJERMANE dhe ITALIANE si gjuh\u00eb t\u00eb huaja t\u00eb dyta.<br \/>\ud83d\udd2c&nbsp;LABORATORE dhe mjete didaktike t\u00eb ve\u00e7anta p\u00ebr \u00e7do fush\u00eb dije (profesionale, shkencore).<br \/>\ud83d\udcda&nbsp;BIBLIOTEK\u00cb e madhe me nj\u00eb fond t\u00eb pasur librash dhe literatur\u00eb shkencore n\u00eb shqip e gjuh\u00eb t\u00eb huaja.<br \/>\u26f9\ud83c\udffb\u200d\u2640\ufe0f\u26f9\ud83c\udffb\u200d\u2642\ufe0f&nbsp;PALEST\u00cbR e ideuar p\u00ebr aktivitete t\u00eb m\u00ebdha sportive (futboll, volejboll, basketboll, hendboll, ping-pong.)\u26f9\ufe0f\ud83e\udd3e\ud83e\udd3c\ud83c\udfc5<br \/>\ud83c\udf39\ud83c\udff5\ufe0f\ud83c\udf3b\ud83c\udf3f\ud83c\udf33&nbsp;Ambiente shlodh\u00ebse e t\u00eb gjelb\u00ebruara n\u00eb \u00e7do stin\u00eb.<br \/>\ud83d\udcf5\ud83d\udd1e&nbsp;Siguri maksimale n\u00eb \u00e7do drejtim.<\/p>\n<p>Ejani te ne!<br \/>Investoni n\u00eb t\u00eb ardhmen e f\u00ebmij\u00ebve tuaj!<br \/>Krijoni bazat m\u00eb t\u00eb q\u00ebndrueshme arsimore e edukative!<br \/>Ne jemi t\u00eb p\u00ebrkushtuar n\u00eb Sistemin e Edukimit t\u00eb s\u00eb Nes\u00ebrmes &#8211; P\u00cbR NJ\u00cb T\u00cb ARDHME M\u00cb T\u00cb MIR\u00cb.<\/p>\n","protected":false},"excerpt":{"rendered":"<p>\ud83d\udc69\ud83c\udffb\u200d\ud83c\udfeb\ud83d\udc68\u200d\ud83c\udfeb&nbsp;STAF me p\u00ebrgjegjshm\u00ebri t\u00eb lart\u00eb n\u00eb pun\u00eb.\ud83d\udcd6KURRIKULA dhe m\u00ebsimdh\u00ebnie e nd\u00ebrthurur me metoda bashk\u00ebkohore dhe teknologjin\u00eb e fjal\u00ebs s\u00eb fundit.\ud83e\udde9AFTERSCHOOL(Edukim pas shkolle) sh\u00ebrbim i diferencuar q\u00eb plot\u00ebson procesin e edukimit, zhvillon aft\u00ebsi sociale, zbulon talentet dhe nxit kreativitetin.\ud83d\udde3&nbsp;M\u00ebsim i gjuh\u00ebs ANGLEZE q\u00eb zhvillohet 3 her\u00eb n\u00eb jav\u00eb, dhe gjuh\u00ebt GJERMANE dhe ITALIANE si gjuh\u00eb t\u00eb [&hellip;]<\/p>\n","protected":false},"author":1,"featured_media":0,"parent":0,"menu_order":0,"comment_status":"closed","ping_status":"closed","template":"","meta":{"footnotes":""},"class_list":["post-1435","page","type-page","status-publish","hentry"],"_links":{"self":[{"href":"https:\/\/gjimnazi-perla.edu.al\/index.php?rest_route=\/wp\/v2\/pages\/1435","targetHints":{"allow":["GET"]}}],"collection":[{"href":"https:\/\/gjimnazi-perla.edu.al\/index.php?rest_route=\/wp\/v2\/pages"}],"about":[{"href":"https:\/\/gjimnazi-perla.edu.al\/index.php?rest_route=\/wp\/v2\/types\/page"}],"author":[{"embeddable":true,"href":"https:\/\/gjimnazi-perla.edu.al\/index.php?rest_route=\/wp\/v2\/users\/1"}],"replies":[{"embeddable":true,"href":"https:\/\/gjimnazi-perla.edu.al\/index.php?rest_route=%2Fwp%2Fv2%2Fcomments&post=1435"}],"version-history":[{"count":4,"href":"https:\/\/gjimnazi-perla.edu.al\/index.php?rest_route=\/wp\/v2\/pages\/1435\/revisions"}],"predecessor-version":[{"id":1569,"href":"https:\/\/gjimnazi-perla.edu.al\/index.php?rest_route=\/wp\/v2\/pages\/1435\/revisions\/1569"}],"wp:attachment":[{"href":"https:\/\/gjimnazi-perla.edu.al\/index.php?rest_route=%2Fwp%2Fv2%2Fmedia&parent=1435"}],"curies":[{"name":"wp","href":"https:\/\/api.w.org\/{rel}","templated":true}]}}