{"id":1091,"date":"2019-02-24T23:15:07","date_gmt":"2019-02-24T22:15:07","guid":{"rendered":"http:\/\/gjimnazi-perla.edu.al\/?page_id=1091"},"modified":"2019-03-29T09:21:36","modified_gmt":"2019-03-29T08:21:36","slug":"shkolla-perla","status":"publish","type":"page","link":"https:\/\/gjimnazi-perla.edu.al\/?page_id=1091","title":{"rendered":"Shkolla &#8220;Perla&#8221;"},"content":{"rendered":"<div class=\"wp-block-image\">\n<figure class=\"aligncenter\"><img loading=\"lazy\" decoding=\"async\" width=\"300\" height=\"210\" src=\"http:\/\/gjimnazi-perla.edu.al\/wp-content\/uploads\/2014\/07\/PresidentP.Golemaj-300x210.jpg\" alt=\"Presidenti i Shkolles Jopublike &quot;Perla&quot; - z. Petrit Golemi\" class=\"wp-image-221\" srcset=\"https:\/\/gjimnazi-perla.edu.al\/wp-content\/uploads\/2014\/07\/PresidentP.Golemaj-300x210.jpg 300w, https:\/\/gjimnazi-perla.edu.al\/wp-content\/uploads\/2014\/07\/PresidentP.Golemaj-1024x720.jpg 1024w\" sizes=\"auto, (max-width: 300px) 100vw, 300px\" \/><figcaption><strong><em>Petrit Golemaj    Administrator i Shkolles &#8220;Perla&#8221;<\/em><\/strong><\/figcaption><\/figure>\n<\/div>\n<p>Mesazh i themeluesit t\u00eb shkoll\u00ebs administratorit z. Petrit Golemaj<\/p>\n<p>M\u00eb shtator t\u00eb vitit 2000 shkolla \u201cPerla\u201d starton rrug\u00ebtimin e saj n\u00eb p\u00ebrgatitjen e brezave me dije dhe\u00a0 shkenc\u00eb.N\u00eb k\u00ebt\u00eb shtator t\u00eb par\u00eb \u201cPerla\u201d ka p\u00ebrzgjedhur m\u00ebsuesit m\u00eb t\u00eb mir\u00eb, me p\u00ebrvoj\u00eb e nivel t\u00eb lart\u00eb shkencor.<\/p>\n<p>Falenderoj stafin pedagogjik, nd\u00ebr vite, t\u00eb shkoll\u00ebs \u201cPerla\u201d p\u00ebr pun\u00ebn e palodhur, p\u00ebrkushtimin dhe shkall\u00ebn e lart\u00eb t\u00eb\u00a0 p\u00ebrgjegjshm\u00ebris\u00eb n\u00eb edukimin me efikasitet t\u00eb nx\u00ebn\u00ebsve.<\/p>\n<p>U jam mir\u00ebnjoh\u00ebs dhe vler\u00ebsoj zgjedhjen e prind\u00ebrve, t\u00eb cil\u00ebt<br \/>\nbesojn\u00eb n\u00eb pun\u00ebn ton\u00eb p\u00ebr edukimin shkencor e qytetar t\u00eb f\u00ebmij\u00ebve t\u00eb tyre,<br \/>\nbesim t\u00eb cilin e kemi justifikuar me arritje viti pas viti.<\/p>\n<p>Shkolla \u201cPERLA\u201d p\u00ebr 19 vite rresht dallohet<br \/>\njo vet\u00ebm n\u00eb cil\u00ebn\u00eb e m\u00ebsimdh\u00ebnies por edhe n\u00eb p\u00ebrfaq\u00ebsimin dinjitoz n\u00eb<br \/>\nOlimpiadat shkencore n\u00eb shkall\u00eb Qarku, Komb\u00ebtar e nd\u00ebrkomb\u00ebtar, n\u00eb t\u00eb cilat<br \/>\nkemi q\u00ebn\u00eb fitues \u00e7do vit.Nx\u00ebn\u00ebsit&nbsp; e<br \/>\ntalentuar t\u00eb shkoll\u00ebs son\u00eb vler\u00ebsuar gjithsej me <strong>362<\/strong> vende t\u00eb para e t\u00eb dyta, tituj e trofe duke i&nbsp; dh\u00ebn\u00eb shkoll\u00ebs \u201cPerla\u201d nj\u00eb dimension<br \/>\nmbar\u00ebkomb\u00ebtar.<\/p>\n<p>Me k\u00ebta nx\u00ebn\u00ebs pasionant t\u00eb shkencave(<br \/>\nmatematik\u00eb, fizik\u00eb, biologji, kimi,let\u00ebrsi ,informatik\u00eb gjeografi, histori, )<br \/>\nkan\u00eb punuar me&nbsp; p\u00ebrkushtim t\u00eb madh&nbsp; m\u00ebsuesit e talentuar si:<\/p>\n<p>Ajet Seferi,Telha Shehu,Ildize Alushi,Engj\u00ebll<br \/>\nHasimi,Astrit Denaj, Astrit Gjoka, Elisabeta Skrami, Ezmeralda K\u00ebnga,Agron<br \/>\nShehu. <\/p>\n<\/p>\n<p><strong><em>Shkolla \u201cPERLA\u201d&nbsp; \u00ebsht\u00eb vler\u00eb e&nbsp; shtuar e qytetit t\u00eb Vlor\u00ebs dhe Shqip\u00ebris\u00eb.<\/em><\/strong><\/p>\n<p><strong><em>Mir\u00ebse t\u00eb vini tek NE, t\u00eb dashur nx\u00ebn\u00ebs k\u00ebtu do t\u00eb&nbsp; projektoni t\u00eb ardhmen dhe suksein e d\u00ebshiruar.<\/em><\/strong><\/p>\n","protected":false},"excerpt":{"rendered":"<p>Mesazh i themeluesit t\u00eb shkoll\u00ebs administratorit z. Petrit Golemaj M\u00eb shtator t\u00eb vitit 2000 shkolla \u201cPerla\u201d starton rrug\u00ebtimin e saj n\u00eb p\u00ebrgatitjen e brezave me dije dhe\u00a0 shkenc\u00eb.N\u00eb k\u00ebt\u00eb shtator t\u00eb par\u00eb \u201cPerla\u201d ka p\u00ebrzgjedhur m\u00ebsuesit m\u00eb t\u00eb mir\u00eb, me p\u00ebrvoj\u00eb e nivel t\u00eb lart\u00eb shkencor. Falenderoj stafin pedagogjik, nd\u00ebr vite, t\u00eb shkoll\u00ebs \u201cPerla\u201d p\u00ebr [&hellip;]<\/p>\n","protected":false},"author":1,"featured_media":221,"parent":0,"menu_order":0,"comment_status":"closed","ping_status":"closed","template":"","meta":{"footnotes":""},"class_list":["post-1091","page","type-page","status-publish","has-post-thumbnail","hentry"],"_links":{"self":[{"href":"https:\/\/gjimnazi-perla.edu.al\/index.php?rest_route=\/wp\/v2\/pages\/1091","targetHints":{"allow":["GET"]}}],"collection":[{"href":"https:\/\/gjimnazi-perla.edu.al\/index.php?rest_route=\/wp\/v2\/pages"}],"about":[{"href":"https:\/\/gjimnazi-perla.edu.al\/index.php?rest_route=\/wp\/v2\/types\/page"}],"author":[{"embeddable":true,"href":"https:\/\/gjimnazi-perla.edu.al\/index.php?rest_route=\/wp\/v2\/users\/1"}],"replies":[{"embeddable":true,"href":"https:\/\/gjimnazi-perla.edu.al\/index.php?rest_route=%2Fwp%2Fv2%2Fcomments&post=1091"}],"version-history":[{"count":6,"href":"https:\/\/gjimnazi-perla.edu.al\/index.php?rest_route=\/wp\/v2\/pages\/1091\/revisions"}],"predecessor-version":[{"id":1117,"href":"https:\/\/gjimnazi-perla.edu.al\/index.php?rest_route=\/wp\/v2\/pages\/1091\/revisions\/1117"}],"wp:featuredmedia":[{"embeddable":true,"href":"https:\/\/gjimnazi-perla.edu.al\/index.php?rest_route=\/wp\/v2\/media\/221"}],"wp:attachment":[{"href":"https:\/\/gjimnazi-perla.edu.al\/index.php?rest_route=%2Fwp%2Fv2%2Fmedia&parent=1091"}],"curies":[{"name":"wp","href":"https:\/\/api.w.org\/{rel}","templated":true}]}}