{"id":1078,"date":"2019-02-24T23:03:38","date_gmt":"2019-02-24T22:03:38","guid":{"rendered":"http:\/\/gjimnazi-perla.edu.al\/?page_id=1078"},"modified":"2019-04-19T08:09:10","modified_gmt":"2019-04-19T07:09:10","slug":"karriera-pas-perles","status":"publish","type":"page","link":"https:\/\/gjimnazi-perla.edu.al\/?page_id=1078","title":{"rendered":"Karriera pas &#8220;Perles&#8221;"},"content":{"rendered":"<p>Ish nx\u00ebn\u00ebsit tan\u00eb, sot, pjes\u00eb e gjenerat\u00ebs intelektuale t\u00eb Shqip\u00ebris\u00eb, jan\u00eb nj\u00eb aset p\u00ebr\u00a0 Kombin.  <br \/>Ata punojn\u00eb n\u00eb administrata t\u00eb ndryshme brenda dhe jasht\u00eb vendit. Disa prej tyre jane: <\/p>\n<\/p>\n<table class=\"wp-block-table is-style-stripes\">\n<tbody>\n<tr>\n<td>Oriana Halla<\/td>\n<td>ING Ndertimi  Tirane<\/td>\n<td>Pedagoge ne UV<\/td>\n<\/tr>\n<tr>\n<td>Alma Canaj<\/td>\n<td>Arkitekture Tirane<\/td>\n<td>Arkitekte dhe pedagoge<\/td>\n<\/tr>\n<tr>\n<td>Ersilio Tushe<\/td>\n<td>ING -Arkitekture Bolonje<\/td>\n<td>Pedagog ne UT Politeknik<\/td>\n<\/tr>\n<tr>\n<td>Alma Fataj<\/td>\n<td>Shkenca shoqerore Tirane<\/td>\n<td>Administrate Boston<\/td>\n<\/tr>\n<tr>\n<td>Evi Hoxha<\/td>\n<td>Mjeksi, Farmaci Tirane<\/td>\n<td>Farmaciste<\/td>\n<\/tr>\n<tr>\n<td>Aida Llambi<\/td>\n<td>Mjeksi Tirane<\/td>\n<td>Mjeke Gjermani<\/td>\n<\/tr>\n<tr>\n<td>Fatjon Gerra<\/td>\n<td>Ing.Informatike Tirane<\/td>\n<td>Programues<\/td>\n<\/tr>\n<tr>\n<td>Geri Shehu<\/td>\n<td>Sh. Kompjuterike UN <br \/>Kanadez<\/td>\n<td>Kompani Amerikane<\/td>\n<\/tr>\n<tr>\n<td>Rinald  Murataj<\/td>\n<td>Matematike, Gjermani<\/td>\n<td>T.Row Price , New York<\/td>\n<\/tr>\n<tr>\n<td>Klevis Ymeri<\/td>\n<td>Matematike Gjermani<\/td>\n<td>Mes. matematike &#8220;Perla&#8221;<\/td>\n<\/tr>\n<tr>\n<td>Viola Kostandini<\/td>\n<td>Finance- Tirane<\/td>\n<td><\/td>\n<\/tr>\n<tr>\n<td>Ornela  Murataj<\/td>\n<td>Finance- Tirane<\/td>\n<td>Specialiste ne BKT<\/td>\n<\/tr>\n<tr>\n<td>Sirius  Beqaraj<\/td>\n<td>Mjeksi Tirane, <br \/>Dega Stomatologji<\/td>\n<td>Stomatolog<\/td>\n<\/tr>\n<tr>\n<td>Albiona Arapi<\/td>\n<td>Shkenca Sociale<\/td>\n<td><\/td>\n<\/tr>\n<tr>\n<td>Alban Kosova<\/td>\n<td>Inf. Ekonomike Tirane<\/td>\n<td>Firem private<\/td>\n<\/tr>\n<tr>\n<td>Elvin Isufi<\/td>\n<td>Ing.Telekomunikacioni ,<br \/>Hollande<\/td>\n<td>Doktorature U.S.A<\/td>\n<\/tr>\n<tr>\n<td>Jurgen Fataj<\/td>\n<td>Sh.Kompjuterike, Boston<\/td>\n<td><\/td>\n<\/tr>\n<tr>\n<td>Arlind Gjoka<\/td>\n<td>Ing.Ndertimi, Tirane<\/td>\n<td>Inxhinjer<\/td>\n<\/tr>\n<tr>\n<td>Manushaqe <br \/>Muco<\/td>\n<td>Matematike ne MIT <br \/>U.S.A                                 <\/td>\n<td><\/td>\n<\/tr>\n<tr>\n<td>Endi Selmanaj     <\/td>\n<td>Ing.Elektrik-Elektronike<br \/> Hollande                   <\/td>\n<td>Vijon<\/td>\n<\/tr>\n<tr>\n<td>Kejti Hoxha<\/td>\n<td>Mjeksi e pergj. Tirane<\/td>\n<td>Vijon<\/td>\n<\/tr>\n<tr>\n<td>Rovena Imaj<\/td>\n<td>Stomatologji , Tirane<\/td>\n<td>Vijon<\/td>\n<\/tr>\n<tr>\n<td>Arjola Sako<\/td>\n<td>Finance Spanje<\/td>\n<td>Vijon masterin<\/td>\n<\/tr>\n<tr>\n<td>Sara Hoxha<\/td>\n<td>Ekonomi,Admin-Biznesi<\/td>\n<td>Kompani gjermane<\/td>\n<\/tr>\n<tr>\n<td>Anxhela Sinani<\/td>\n<td>Ing.Bio Pensilvani U.S.A<\/td>\n<td>Vijon<\/td>\n<\/tr>\n<tr>\n<td>Ralf Nuredini<\/td>\n<td>Ekonomi Analitike <br \/>Philadelphia   U.S.A                                    <\/td>\n<td>Vijon<\/td>\n<\/tr>\n<tr>\n<td>Klaudia Nuredini                 <\/td>\n<td>Mjeksi,  Tirane<\/td>\n<td>Vijon<\/td>\n<\/tr>\n<tr>\n<td>Alesia Hoxha<\/td>\n<td>Biz.Internacional U.Xhorxh  <br \/>Washington   U.S.A<\/td>\n<td>Vijon<\/td>\n<\/tr>\n<\/tbody>\n<\/table>\n","protected":false},"excerpt":{"rendered":"<p>Ish nx\u00ebn\u00ebsit tan\u00eb, sot, pjes\u00eb e gjenerat\u00ebs intelektuale t\u00eb Shqip\u00ebris\u00eb, jan\u00eb nj\u00eb aset p\u00ebr\u00a0 Kombin. Ata punojn\u00eb n\u00eb administrata t\u00eb ndryshme brenda dhe jasht\u00eb vendit. Disa prej tyre jane: Oriana Halla ING Ndertimi Tirane Pedagoge ne UV Alma Canaj Arkitekture Tirane Arkitekte dhe pedagoge Ersilio Tushe ING -Arkitekture Bolonje Pedagog ne UT Politeknik Alma Fataj [&hellip;]<\/p>\n","protected":false},"author":1,"featured_media":0,"parent":0,"menu_order":0,"comment_status":"closed","ping_status":"closed","template":"","meta":{"footnotes":""},"class_list":["post-1078","page","type-page","status-publish","hentry"],"_links":{"self":[{"href":"https:\/\/gjimnazi-perla.edu.al\/index.php?rest_route=\/wp\/v2\/pages\/1078","targetHints":{"allow":["GET"]}}],"collection":[{"href":"https:\/\/gjimnazi-perla.edu.al\/index.php?rest_route=\/wp\/v2\/pages"}],"about":[{"href":"https:\/\/gjimnazi-perla.edu.al\/index.php?rest_route=\/wp\/v2\/types\/page"}],"author":[{"embeddable":true,"href":"https:\/\/gjimnazi-perla.edu.al\/index.php?rest_route=\/wp\/v2\/users\/1"}],"replies":[{"embeddable":true,"href":"https:\/\/gjimnazi-perla.edu.al\/index.php?rest_route=%2Fwp%2Fv2%2Fcomments&post=1078"}],"version-history":[{"count":13,"href":"https:\/\/gjimnazi-perla.edu.al\/index.php?rest_route=\/wp\/v2\/pages\/1078\/revisions"}],"predecessor-version":[{"id":1353,"href":"https:\/\/gjimnazi-perla.edu.al\/index.php?rest_route=\/wp\/v2\/pages\/1078\/revisions\/1353"}],"wp:attachment":[{"href":"https:\/\/gjimnazi-perla.edu.al\/index.php?rest_route=%2Fwp%2Fv2%2Fmedia&parent=1078"}],"curies":[{"name":"wp","href":"https:\/\/api.w.org\/{rel}","templated":true}]}}