{"id":1068,"date":"2019-02-24T22:41:13","date_gmt":"2019-02-24T21:41:13","guid":{"rendered":"http:\/\/gjimnazi-perla.edu.al\/?page_id=1068"},"modified":"2020-05-22T09:07:57","modified_gmt":"2020-05-22T08:07:57","slug":"matura","status":"publish","type":"page","link":"https:\/\/gjimnazi-perla.edu.al\/?page_id=1068","title":{"rendered":"Mesimi"},"content":{"rendered":"<p>N\u00eb shkoll\u00ebn ton\u00eb jan\u00eb diplomuar 16 breza maturant\u00ebsh. Diplomimi n\u00eb k\u00ebt\u00eb shkoll\u00eb \u00ebsht\u00eb baz\u00eb dhe pik\u00ebnisje drejt nj\u00eb karriere t\u00eb suksesshme sepse fal\u00eb pun\u00ebs k\u00ebmb\u00ebngul\u00ebse e t\u00eb palodhur t\u00eb stafit m\u00ebsimor, p\u00ebrvet\u00ebsimi i njohurive si dhe &nbsp;rezultatet n\u00eb P.M.SH kan\u00eb q\u00ebn\u00eb shum\u00eb t\u00eb mira.<\/p>\n<p><strong><em>Shtyllat ku mb\u00ebshteten k\u00ebto arritje.<\/em><\/strong><\/p>\n<ul class=\"wp-block-list\">\n<li>Kontroll sistematik i p\u00ebrvet\u00ebsimit t\u00eb programit m\u00ebsimor.<\/li>\n<li>Konsultime t\u00eb organizuara sipas nj\u00eb grafiku n\u00eb p\u00ebrputhje me interesat e vet nx\u00ebn\u00ebsve e ecuris\u00eb s\u00eb tyre.<\/li>\n<li>Dh\u00ebnia e materialeve ndihm\u00ebse p\u00ebr pun\u00eb t\u00eb pavarur.<\/li>\n<li>Orientim i kujdessh\u00ebm dhe nxitje e vazhdueshme p\u00ebr nx\u00ebn\u00ebsit tan\u00eb mb\u00ebshtetur n\u00eb prirjet individuale t\u00eb secilit.<\/li>\n<li>K\u00ebshillim karriere p\u00ebr studimet universiatre.<\/li>\n<li>Bashk\u00ebpunim me universitetet e ndryshme brenda e jasht\u00eb Shqip\u00ebris\u00eb.Informimi n\u00eb koh\u00eb i prind\u00ebrive p\u00ebr ecurin\u00eb m\u00ebsimore t\u00eb f\u00ebmij\u00ebve t\u00eb tyre.<\/li>\n<li>T\u00eb diplomuarit &nbsp;e shkoll\u00ebs&nbsp; PERLA studiojn\u00eb n\u00eb Universitetet m\u00eb n\u00eb z\u00eb brenda dhe jasht\u00eb vendit, duke u renditur nd\u00ebr student\u00ebt m\u00eb t\u00eb mir\u00eb t\u00eb exselenc\u00ebs shqiptare.<\/li>\n<li><\/li>\n<\/ul>\n<p>Dy nga maturant\u00ebt e shkoll\u00ebs son\u00eb kan\u00eb fituar \u201cMedaljen e&nbsp; Art\u00eb\u201d <br \/>E konkretisht :<\/p>\n<p><strong>Manushaqe Mu\u00e7o<\/strong> ( studjuar n\u00eb shkoll\u00ebn ton\u00eb 2005-2009) <br \/>P\u00ebr arritje t\u00eb shk\u00eblqyera n\u00eb Matur\u00ebn Shtet\u00ebrore 2009 u vler\u00ebsua me \u201cMedaljen e Art\u00eb\u201d.Diplomuar n\u00eb Universitetin MIT U.S.A <\/p>\n<p><strong>Geri Leskaj<\/strong> ( studjuar n\u00eb shkoll\u00ebn ton\u00eb 2011-2013) <br \/>P\u00ebr arritje t\u00eb shk\u00eblqyera n\u00ebMatur\u00ebn Shtet\u00ebrore 2013 u vler\u00ebsua me \u201cMedaljen e Art\u00eb\u201d. Vijon studimet n\u00eb UT, dega Mjek\u00ebsi. <\/p>\n<figure class=\"wp-block-image\"><img loading=\"lazy\" decoding=\"async\" width=\"1024\" height=\"681\" src=\"http:\/\/gjimnazi-perla.edu.al\/wp-content\/uploads\/2019\/04\/diplomimi-1024x681.jpg\" alt=\"\" class=\"wp-image-1224\" srcset=\"https:\/\/gjimnazi-perla.edu.al\/wp-content\/uploads\/2019\/04\/diplomimi-1024x681.jpg 1024w, https:\/\/gjimnazi-perla.edu.al\/wp-content\/uploads\/2019\/04\/diplomimi-300x199.jpg 300w, https:\/\/gjimnazi-perla.edu.al\/wp-content\/uploads\/2019\/04\/diplomimi-768x511.jpg 768w\" sizes=\"auto, (max-width: 1024px) 100vw, 1024px\" \/><\/figure>\n<p>&nbsp;&nbsp;&nbsp;&nbsp;&nbsp;&nbsp; Dy nga maturantet e shk\u00eblqyera t\u00eb shkoll\u00ebs son\u00eb t\u00eb cilat p\u00ebrfundojn\u00eb k\u00ebt\u00eb vit  ( 2018 \u2013 2019) shkoll\u00ebn e mesme,fitojn\u00eb t\u00eb dyja burs\u00eb n\u00eb Universitetin MIT n\u00eb U.S.A&nbsp;   <br \/>dhe konkretisht jan\u00eb: <\/p>\n<p><strong>Aleksia Kolo&nbsp;<\/strong> ( 2018-2019), fiton burs\u00eb n\u00eb Universitetin MIT &#8211; Boston -U.S.A <\/p>\n<p><strong>Seli Lulaj<\/strong> ( 2018-2019), fiton burs\u00eb n\u00eb Universitetin MIT &#8211; Boston -U.S.A<\/p>\n<p>K\u00ebto arritje pasqyrojn\u00eb pun\u00ebn e palodhur dhe p\u00ebrgjegj\u00ebsin\u00eb e m\u00ebsuesve t\u00eb p\u00ebrkushtuar t\u00eb shkoll\u00ebs son\u00eb n\u00eb p\u00ebrmbushjen e misionit,                           <strong>edukimin e brezave me dije e vlera t\u00eb larta shkencore. <\/strong><\/p>\n<p style=\"text-align:center\" class=\"has-background has-large-font-size has-pale-cyan-blue-background-color\">\u00a0\u00a0\u00a0\u00a0<strong>\u00a0\u00a0Mesimi Online<\/strong><\/p>\n<p>\u00a0\u00a0\u00a0\u00a0\u00a0\u00a0 Ne nje periudhe te veshtire per te gjithe, shkolla jone vazhdon me impenjim maksimal te zhvilloje mesimin online per nxenesit e saj.<\/p>\n<ul class=\"wp-block-gallery columns-3 is-cropped wp-block-gallery-1 is-layout-flex wp-block-gallery-is-layout-flex\">\n<li class=\"blocks-gallery-item\">\n<figure><img loading=\"lazy\" decoding=\"async\" width=\"1024\" height=\"473\" src=\"http:\/\/gjimnazi-perla.edu.al\/wp-content\/uploads\/2020\/05\/1-18-1024x473.jpeg\" alt=\"\" data-id=\"1513\" data-link=\"http:\/\/gjimnazi-perla.edu.al\/?attachment_id=1513\" class=\"wp-image-1513\" srcset=\"https:\/\/gjimnazi-perla.edu.al\/wp-content\/uploads\/2020\/05\/1-18-1024x473.jpeg 1024w, https:\/\/gjimnazi-perla.edu.al\/wp-content\/uploads\/2020\/05\/1-18-300x139.jpeg 300w, https:\/\/gjimnazi-perla.edu.al\/wp-content\/uploads\/2020\/05\/1-18-768x355.jpeg 768w, https:\/\/gjimnazi-perla.edu.al\/wp-content\/uploads\/2020\/05\/1-18.jpeg 1032w\" sizes=\"auto, (max-width: 1024px) 100vw, 1024px\" \/><\/figure>\n<\/li>\n<li class=\"blocks-gallery-item\">\n<figure><img loading=\"lazy\" decoding=\"async\" width=\"1024\" height=\"473\" src=\"http:\/\/gjimnazi-perla.edu.al\/wp-content\/uploads\/2020\/05\/1-16-1024x473.jpeg\" alt=\"\" data-id=\"1511\" data-link=\"http:\/\/gjimnazi-perla.edu.al\/?attachment_id=1511\" class=\"wp-image-1511\" srcset=\"https:\/\/gjimnazi-perla.edu.al\/wp-content\/uploads\/2020\/05\/1-16-1024x473.jpeg 1024w, https:\/\/gjimnazi-perla.edu.al\/wp-content\/uploads\/2020\/05\/1-16-300x139.jpeg 300w, https:\/\/gjimnazi-perla.edu.al\/wp-content\/uploads\/2020\/05\/1-16-768x355.jpeg 768w, https:\/\/gjimnazi-perla.edu.al\/wp-content\/uploads\/2020\/05\/1-16.jpeg 1032w\" sizes=\"auto, (max-width: 1024px) 100vw, 1024px\" \/><\/figure>\n<\/li>\n<li class=\"blocks-gallery-item\">\n<figure><img loading=\"lazy\" decoding=\"async\" width=\"1024\" height=\"473\" src=\"http:\/\/gjimnazi-perla.edu.al\/wp-content\/uploads\/2020\/05\/1-15-1024x473.jpeg\" alt=\"\" data-id=\"1510\" data-link=\"http:\/\/gjimnazi-perla.edu.al\/?attachment_id=1510\" class=\"wp-image-1510\" srcset=\"https:\/\/gjimnazi-perla.edu.al\/wp-content\/uploads\/2020\/05\/1-15-1024x473.jpeg 1024w, https:\/\/gjimnazi-perla.edu.al\/wp-content\/uploads\/2020\/05\/1-15-300x139.jpeg 300w, https:\/\/gjimnazi-perla.edu.al\/wp-content\/uploads\/2020\/05\/1-15-768x355.jpeg 768w, https:\/\/gjimnazi-perla.edu.al\/wp-content\/uploads\/2020\/05\/1-15.jpeg 1032w\" sizes=\"auto, (max-width: 1024px) 100vw, 1024px\" \/><\/figure>\n<\/li>\n<li class=\"blocks-gallery-item\">\n<figure><img loading=\"lazy\" decoding=\"async\" width=\"1024\" height=\"473\" src=\"http:\/\/gjimnazi-perla.edu.al\/wp-content\/uploads\/2020\/05\/1-14-1024x473.jpeg\" alt=\"\" data-id=\"1509\" data-link=\"http:\/\/gjimnazi-perla.edu.al\/?attachment_id=1509\" class=\"wp-image-1509\" srcset=\"https:\/\/gjimnazi-perla.edu.al\/wp-content\/uploads\/2020\/05\/1-14-1024x473.jpeg 1024w, https:\/\/gjimnazi-perla.edu.al\/wp-content\/uploads\/2020\/05\/1-14-300x139.jpeg 300w, https:\/\/gjimnazi-perla.edu.al\/wp-content\/uploads\/2020\/05\/1-14-768x355.jpeg 768w, https:\/\/gjimnazi-perla.edu.al\/wp-content\/uploads\/2020\/05\/1-14.jpeg 1032w\" sizes=\"auto, (max-width: 1024px) 100vw, 1024px\" \/><\/figure>\n<\/li>\n<li class=\"blocks-gallery-item\">\n<figure><img loading=\"lazy\" decoding=\"async\" width=\"1024\" height=\"473\" src=\"http:\/\/gjimnazi-perla.edu.al\/wp-content\/uploads\/2020\/05\/1-13-1024x473.jpeg\" alt=\"\" data-id=\"1508\" data-link=\"http:\/\/gjimnazi-perla.edu.al\/?attachment_id=1508\" class=\"wp-image-1508\" srcset=\"https:\/\/gjimnazi-perla.edu.al\/wp-content\/uploads\/2020\/05\/1-13-1024x473.jpeg 1024w, https:\/\/gjimnazi-perla.edu.al\/wp-content\/uploads\/2020\/05\/1-13-300x139.jpeg 300w, https:\/\/gjimnazi-perla.edu.al\/wp-content\/uploads\/2020\/05\/1-13-768x355.jpeg 768w, https:\/\/gjimnazi-perla.edu.al\/wp-content\/uploads\/2020\/05\/1-13.jpeg 1032w\" sizes=\"auto, (max-width: 1024px) 100vw, 1024px\" \/><\/figure>\n<\/li>\n<li class=\"blocks-gallery-item\">\n<figure><img loading=\"lazy\" decoding=\"async\" width=\"1024\" height=\"473\" src=\"http:\/\/gjimnazi-perla.edu.al\/wp-content\/uploads\/2020\/05\/1-10-1024x473.jpeg\" alt=\"\" data-id=\"1505\" data-link=\"http:\/\/gjimnazi-perla.edu.al\/?attachment_id=1505\" class=\"wp-image-1505\" srcset=\"https:\/\/gjimnazi-perla.edu.al\/wp-content\/uploads\/2020\/05\/1-10-1024x473.jpeg 1024w, https:\/\/gjimnazi-perla.edu.al\/wp-content\/uploads\/2020\/05\/1-10-300x139.jpeg 300w, https:\/\/gjimnazi-perla.edu.al\/wp-content\/uploads\/2020\/05\/1-10-768x355.jpeg 768w, https:\/\/gjimnazi-perla.edu.al\/wp-content\/uploads\/2020\/05\/1-10.jpeg 1032w\" sizes=\"auto, (max-width: 1024px) 100vw, 1024px\" \/><\/figure>\n<\/li>\n<li class=\"blocks-gallery-item\">\n<figure><img loading=\"lazy\" decoding=\"async\" width=\"1024\" height=\"473\" src=\"http:\/\/gjimnazi-perla.edu.al\/wp-content\/uploads\/2020\/05\/1-11-1024x473.jpeg\" alt=\"\" data-id=\"1506\" data-link=\"http:\/\/gjimnazi-perla.edu.al\/?attachment_id=1506\" class=\"wp-image-1506\" srcset=\"https:\/\/gjimnazi-perla.edu.al\/wp-content\/uploads\/2020\/05\/1-11-1024x473.jpeg 1024w, https:\/\/gjimnazi-perla.edu.al\/wp-content\/uploads\/2020\/05\/1-11-300x139.jpeg 300w, https:\/\/gjimnazi-perla.edu.al\/wp-content\/uploads\/2020\/05\/1-11-768x355.jpeg 768w, https:\/\/gjimnazi-perla.edu.al\/wp-content\/uploads\/2020\/05\/1-11.jpeg 1032w\" sizes=\"auto, (max-width: 1024px) 100vw, 1024px\" \/><\/figure>\n<\/li>\n<li class=\"blocks-gallery-item\">\n<figure><img loading=\"lazy\" decoding=\"async\" width=\"1024\" height=\"473\" src=\"http:\/\/gjimnazi-perla.edu.al\/wp-content\/uploads\/2020\/05\/1-12-1024x473.jpeg\" alt=\"\" data-id=\"1507\" data-link=\"http:\/\/gjimnazi-perla.edu.al\/?attachment_id=1507\" class=\"wp-image-1507\" srcset=\"https:\/\/gjimnazi-perla.edu.al\/wp-content\/uploads\/2020\/05\/1-12-1024x473.jpeg 1024w, https:\/\/gjimnazi-perla.edu.al\/wp-content\/uploads\/2020\/05\/1-12-300x139.jpeg 300w, https:\/\/gjimnazi-perla.edu.al\/wp-content\/uploads\/2020\/05\/1-12-768x355.jpeg 768w, https:\/\/gjimnazi-perla.edu.al\/wp-content\/uploads\/2020\/05\/1-12.jpeg 1032w\" sizes=\"auto, (max-width: 1024px) 100vw, 1024px\" \/><\/figure>\n<\/li>\n<li class=\"blocks-gallery-item\">\n<figure><img loading=\"lazy\" decoding=\"async\" width=\"1024\" height=\"473\" src=\"http:\/\/gjimnazi-perla.edu.al\/wp-content\/uploads\/2020\/05\/1-17-1024x473.jpeg\" alt=\"\" data-id=\"1512\" data-link=\"http:\/\/gjimnazi-perla.edu.al\/?attachment_id=1512\" class=\"wp-image-1512\" srcset=\"https:\/\/gjimnazi-perla.edu.al\/wp-content\/uploads\/2020\/05\/1-17-1024x473.jpeg 1024w, https:\/\/gjimnazi-perla.edu.al\/wp-content\/uploads\/2020\/05\/1-17-300x139.jpeg 300w, https:\/\/gjimnazi-perla.edu.al\/wp-content\/uploads\/2020\/05\/1-17-768x355.jpeg 768w, https:\/\/gjimnazi-perla.edu.al\/wp-content\/uploads\/2020\/05\/1-17.jpeg 1032w\" sizes=\"auto, (max-width: 1024px) 100vw, 1024px\" \/><\/figure>\n<\/li>\n<\/ul>\n<p class=\"has-background has-medium-font-size has-pale-cyan-blue-background-color\">Rikthimi i maturanteve pas periudhes se pandemise. <\/p>\n<p>Disa regulla per maturantet te cilet do te zhvillojne keto jave mesimin ne ambjentet e shkolles.<\/p>\n<ul class=\"wp-block-gallery columns-1 is-cropped wp-block-gallery-2 is-layout-flex wp-block-gallery-is-layout-flex\">\n<li class=\"blocks-gallery-item\">\n<figure><img loading=\"lazy\" decoding=\"async\" width=\"678\" height=\"960\" src=\"http:\/\/gjimnazi-perla.edu.al\/wp-content\/uploads\/2020\/05\/kujdes.jpeg\" alt=\"\" data-id=\"1519\" data-link=\"http:\/\/gjimnazi-perla.edu.al\/?attachment_id=1519#main\" class=\"wp-image-1519\" srcset=\"https:\/\/gjimnazi-perla.edu.al\/wp-content\/uploads\/2020\/05\/kujdes.jpeg 678w, https:\/\/gjimnazi-perla.edu.al\/wp-content\/uploads\/2020\/05\/kujdes-212x300.jpeg 212w\" sizes=\"auto, (max-width: 678px) 100vw, 678px\" \/><\/figure>\n<\/li>\n<\/ul>\n<ul class=\"wp-block-gallery columns-3 is-cropped wp-block-gallery-3 is-layout-flex wp-block-gallery-is-layout-flex\">\n<li class=\"blocks-gallery-item\">\n<figure><img loading=\"lazy\" decoding=\"async\" width=\"1024\" height=\"473\" src=\"http:\/\/gjimnazi-perla.edu.al\/wp-content\/uploads\/2020\/05\/1-9-1024x473.jpeg\" alt=\"\" data-id=\"1504\" data-link=\"http:\/\/gjimnazi-perla.edu.al\/?attachment_id=1504\" class=\"wp-image-1504\" srcset=\"https:\/\/gjimnazi-perla.edu.al\/wp-content\/uploads\/2020\/05\/1-9-1024x473.jpeg 1024w, https:\/\/gjimnazi-perla.edu.al\/wp-content\/uploads\/2020\/05\/1-9-300x139.jpeg 300w, https:\/\/gjimnazi-perla.edu.al\/wp-content\/uploads\/2020\/05\/1-9-768x355.jpeg 768w, https:\/\/gjimnazi-perla.edu.al\/wp-content\/uploads\/2020\/05\/1-9.jpeg 1032w\" sizes=\"auto, (max-width: 1024px) 100vw, 1024px\" \/><\/figure>\n<\/li>\n<li class=\"blocks-gallery-item\">\n<figure><img loading=\"lazy\" decoding=\"async\" width=\"1024\" height=\"473\" src=\"http:\/\/gjimnazi-perla.edu.al\/wp-content\/uploads\/2020\/05\/1-8-1024x473.jpeg\" alt=\"\" data-id=\"1503\" data-link=\"http:\/\/gjimnazi-perla.edu.al\/?attachment_id=1503\" class=\"wp-image-1503\" srcset=\"https:\/\/gjimnazi-perla.edu.al\/wp-content\/uploads\/2020\/05\/1-8-1024x473.jpeg 1024w, https:\/\/gjimnazi-perla.edu.al\/wp-content\/uploads\/2020\/05\/1-8-300x139.jpeg 300w, https:\/\/gjimnazi-perla.edu.al\/wp-content\/uploads\/2020\/05\/1-8-768x355.jpeg 768w, https:\/\/gjimnazi-perla.edu.al\/wp-content\/uploads\/2020\/05\/1-8.jpeg 1032w\" sizes=\"auto, (max-width: 1024px) 100vw, 1024px\" \/><\/figure>\n<\/li>\n<li class=\"blocks-gallery-item\">\n<figure><img loading=\"lazy\" decoding=\"async\" width=\"1024\" height=\"473\" src=\"http:\/\/gjimnazi-perla.edu.al\/wp-content\/uploads\/2020\/05\/1-7-1024x473.jpeg\" alt=\"\" data-id=\"1502\" data-link=\"http:\/\/gjimnazi-perla.edu.al\/?attachment_id=1502\" class=\"wp-image-1502\" srcset=\"https:\/\/gjimnazi-perla.edu.al\/wp-content\/uploads\/2020\/05\/1-7-1024x473.jpeg 1024w, https:\/\/gjimnazi-perla.edu.al\/wp-content\/uploads\/2020\/05\/1-7-300x139.jpeg 300w, https:\/\/gjimnazi-perla.edu.al\/wp-content\/uploads\/2020\/05\/1-7-768x355.jpeg 768w, https:\/\/gjimnazi-perla.edu.al\/wp-content\/uploads\/2020\/05\/1-7.jpeg 1032w\" sizes=\"auto, (max-width: 1024px) 100vw, 1024px\" \/><\/figure>\n<\/li>\n<li class=\"blocks-gallery-item\">\n<figure><img loading=\"lazy\" decoding=\"async\" width=\"1024\" height=\"473\" src=\"http:\/\/gjimnazi-perla.edu.al\/wp-content\/uploads\/2020\/05\/1-6-1024x473.jpeg\" alt=\"\" data-id=\"1501\" data-link=\"http:\/\/gjimnazi-perla.edu.al\/?attachment_id=1501\" class=\"wp-image-1501\" srcset=\"https:\/\/gjimnazi-perla.edu.al\/wp-content\/uploads\/2020\/05\/1-6-1024x473.jpeg 1024w, https:\/\/gjimnazi-perla.edu.al\/wp-content\/uploads\/2020\/05\/1-6-300x139.jpeg 300w, https:\/\/gjimnazi-perla.edu.al\/wp-content\/uploads\/2020\/05\/1-6-768x355.jpeg 768w, https:\/\/gjimnazi-perla.edu.al\/wp-content\/uploads\/2020\/05\/1-6.jpeg 1032w\" sizes=\"auto, (max-width: 1024px) 100vw, 1024px\" \/><\/figure>\n<\/li>\n<li class=\"blocks-gallery-item\">\n<figure><img loading=\"lazy\" decoding=\"async\" width=\"1024\" height=\"473\" src=\"http:\/\/gjimnazi-perla.edu.al\/wp-content\/uploads\/2020\/05\/1-5-1024x473.jpeg\" alt=\"\" data-id=\"1500\" data-link=\"http:\/\/gjimnazi-perla.edu.al\/?attachment_id=1500\" class=\"wp-image-1500\" srcset=\"https:\/\/gjimnazi-perla.edu.al\/wp-content\/uploads\/2020\/05\/1-5-1024x473.jpeg 1024w, https:\/\/gjimnazi-perla.edu.al\/wp-content\/uploads\/2020\/05\/1-5-300x139.jpeg 300w, https:\/\/gjimnazi-perla.edu.al\/wp-content\/uploads\/2020\/05\/1-5-768x355.jpeg 768w, https:\/\/gjimnazi-perla.edu.al\/wp-content\/uploads\/2020\/05\/1-5.jpeg 1032w\" sizes=\"auto, (max-width: 1024px) 100vw, 1024px\" \/><\/figure>\n<\/li>\n<li class=\"blocks-gallery-item\">\n<figure><img loading=\"lazy\" decoding=\"async\" width=\"1024\" height=\"473\" src=\"http:\/\/gjimnazi-perla.edu.al\/wp-content\/uploads\/2020\/05\/1-4-1024x473.jpeg\" alt=\"\" data-id=\"1499\" data-link=\"http:\/\/gjimnazi-perla.edu.al\/?attachment_id=1499\" class=\"wp-image-1499\" srcset=\"https:\/\/gjimnazi-perla.edu.al\/wp-content\/uploads\/2020\/05\/1-4-1024x473.jpeg 1024w, https:\/\/gjimnazi-perla.edu.al\/wp-content\/uploads\/2020\/05\/1-4-300x139.jpeg 300w, https:\/\/gjimnazi-perla.edu.al\/wp-content\/uploads\/2020\/05\/1-4-768x355.jpeg 768w, https:\/\/gjimnazi-perla.edu.al\/wp-content\/uploads\/2020\/05\/1-4.jpeg 1032w\" sizes=\"auto, (max-width: 1024px) 100vw, 1024px\" \/><\/figure>\n<\/li>\n<li class=\"blocks-gallery-item\">\n<figure><img loading=\"lazy\" decoding=\"async\" width=\"1024\" height=\"473\" src=\"http:\/\/gjimnazi-perla.edu.al\/wp-content\/uploads\/2020\/05\/1-3-1024x473.jpeg\" alt=\"\" data-id=\"1497\" data-link=\"http:\/\/gjimnazi-perla.edu.al\/?attachment_id=1497\" class=\"wp-image-1497\" srcset=\"https:\/\/gjimnazi-perla.edu.al\/wp-content\/uploads\/2020\/05\/1-3-1024x473.jpeg 1024w, https:\/\/gjimnazi-perla.edu.al\/wp-content\/uploads\/2020\/05\/1-3-300x139.jpeg 300w, https:\/\/gjimnazi-perla.edu.al\/wp-content\/uploads\/2020\/05\/1-3-768x355.jpeg 768w, https:\/\/gjimnazi-perla.edu.al\/wp-content\/uploads\/2020\/05\/1-3.jpeg 1032w\" sizes=\"auto, (max-width: 1024px) 100vw, 1024px\" \/><\/figure>\n<\/li>\n<li class=\"blocks-gallery-item\">\n<figure><img loading=\"lazy\" decoding=\"async\" width=\"1024\" height=\"471\" src=\"http:\/\/gjimnazi-perla.edu.al\/wp-content\/uploads\/2020\/05\/1-2-1024x471.jpeg\" alt=\"\" data-id=\"1496\" data-link=\"http:\/\/gjimnazi-perla.edu.al\/?attachment_id=1496\" class=\"wp-image-1496\" srcset=\"https:\/\/gjimnazi-perla.edu.al\/wp-content\/uploads\/2020\/05\/1-2-1024x471.jpeg 1024w, https:\/\/gjimnazi-perla.edu.al\/wp-content\/uploads\/2020\/05\/1-2-300x138.jpeg 300w, https:\/\/gjimnazi-perla.edu.al\/wp-content\/uploads\/2020\/05\/1-2-768x353.jpeg 768w, https:\/\/gjimnazi-perla.edu.al\/wp-content\/uploads\/2020\/05\/1-2.jpeg 1280w\" sizes=\"auto, (max-width: 1024px) 100vw, 1024px\" \/><\/figure>\n<\/li>\n<li class=\"blocks-gallery-item\">\n<figure><img loading=\"lazy\" decoding=\"async\" width=\"1024\" height=\"471\" src=\"http:\/\/gjimnazi-perla.edu.al\/wp-content\/uploads\/2020\/05\/1-1-1024x471.jpeg\" alt=\"\" data-id=\"1494\" data-link=\"http:\/\/gjimnazi-perla.edu.al\/?attachment_id=1494\" class=\"wp-image-1494\" srcset=\"https:\/\/gjimnazi-perla.edu.al\/wp-content\/uploads\/2020\/05\/1-1-1024x471.jpeg 1024w, https:\/\/gjimnazi-perla.edu.al\/wp-content\/uploads\/2020\/05\/1-1-300x138.jpeg 300w, https:\/\/gjimnazi-perla.edu.al\/wp-content\/uploads\/2020\/05\/1-1-768x353.jpeg 768w, https:\/\/gjimnazi-perla.edu.al\/wp-content\/uploads\/2020\/05\/1-1.jpeg 1280w\" sizes=\"auto, (max-width: 1024px) 100vw, 1024px\" \/><\/figure>\n<\/li>\n<\/ul>\n","protected":false},"excerpt":{"rendered":"<p>N\u00eb shkoll\u00ebn ton\u00eb jan\u00eb diplomuar 16 breza maturant\u00ebsh. Diplomimi n\u00eb k\u00ebt\u00eb shkoll\u00eb \u00ebsht\u00eb baz\u00eb dhe pik\u00ebnisje drejt nj\u00eb karriere t\u00eb suksesshme sepse fal\u00eb pun\u00ebs k\u00ebmb\u00ebngul\u00ebse e t\u00eb palodhur t\u00eb stafit m\u00ebsimor, p\u00ebrvet\u00ebsimi i njohurive si dhe &nbsp;rezultatet n\u00eb P.M.SH kan\u00eb q\u00ebn\u00eb shum\u00eb t\u00eb mira. Shtyllat ku mb\u00ebshteten k\u00ebto arritje. Kontroll sistematik i p\u00ebrvet\u00ebsimit t\u00eb programit [&hellip;]<\/p>\n","protected":false},"author":1,"featured_media":0,"parent":0,"menu_order":0,"comment_status":"closed","ping_status":"closed","template":"","meta":{"footnotes":""},"class_list":["post-1068","page","type-page","status-publish","hentry"],"_links":{"self":[{"href":"https:\/\/gjimnazi-perla.edu.al\/index.php?rest_route=\/wp\/v2\/pages\/1068","targetHints":{"allow":["GET"]}}],"collection":[{"href":"https:\/\/gjimnazi-perla.edu.al\/index.php?rest_route=\/wp\/v2\/pages"}],"about":[{"href":"https:\/\/gjimnazi-perla.edu.al\/index.php?rest_route=\/wp\/v2\/types\/page"}],"author":[{"embeddable":true,"href":"https:\/\/gjimnazi-perla.edu.al\/index.php?rest_route=\/wp\/v2\/users\/1"}],"replies":[{"embeddable":true,"href":"https:\/\/gjimnazi-perla.edu.al\/index.php?rest_route=%2Fwp%2Fv2%2Fcomments&post=1068"}],"version-history":[{"count":12,"href":"https:\/\/gjimnazi-perla.edu.al\/index.php?rest_route=\/wp\/v2\/pages\/1068\/revisions"}],"predecessor-version":[{"id":1516,"href":"https:\/\/gjimnazi-perla.edu.al\/index.php?rest_route=\/wp\/v2\/pages\/1068\/revisions\/1516"}],"wp:attachment":[{"href":"https:\/\/gjimnazi-perla.edu.al\/index.php?rest_route=%2Fwp%2Fv2%2Fmedia&parent=1068"}],"curies":[{"name":"wp","href":"https:\/\/api.w.org\/{rel}","templated":true}]}}