{"id":1030,"date":"2019-02-14T12:05:22","date_gmt":"2019-02-14T11:05:22","guid":{"rendered":"http:\/\/gjimnazi-perla.edu.al\/?page_id=1030"},"modified":"2019-04-03T19:50:56","modified_gmt":"2019-04-03T18:50:56","slug":"shkolla-9-vjecare-perla","status":"publish","type":"page","link":"https:\/\/gjimnazi-perla.edu.al\/?page_id=1030","title":{"rendered":"Shkolla 9-vjecare &#8220;Perla&#8221;"},"content":{"rendered":"<div class=\"wp-block-image\">\n<figure class=\"aligncenter\"><img loading=\"lazy\" decoding=\"async\" width=\"199\" height=\"300\" src=\"http:\/\/gjimnazi-perla.edu.al\/wp-content\/uploads\/2019\/02\/perla-21-199x300.jpg\" alt=\"\" class=\"wp-image-1013\" srcset=\"https:\/\/gjimnazi-perla.edu.al\/wp-content\/uploads\/2019\/02\/perla-21-199x300.jpg 199w, https:\/\/gjimnazi-perla.edu.al\/wp-content\/uploads\/2019\/02\/perla-21-768x1155.jpg 768w, https:\/\/gjimnazi-perla.edu.al\/wp-content\/uploads\/2019\/02\/perla-21-681x1024.jpg 681w\" sizes=\"auto, (max-width: 199px) 100vw, 199px\" \/><\/figure>\n<\/div>\n<p style=\"text-align:center\" class=\"has-background has-medium-font-size has-pale-cyan-blue-background-color\"><strong>N\u00eb shkoll\u00ebn \u201cPERLA\u201d edukoheni me nj\u00eb kultur\u00eb studimi sistematik dhe llogaridhenese.<\/strong><\/p>\n<p> \u2022 Nxitje p\u00ebr zhvillimin e aft\u00ebsive.<br \/> \u2022 K\u00ebtu \u00e7do nx\u00ebn\u00ebs gjen motivim.<br \/> \u2022 Ambjente komode p\u00ebr studim.<br \/> \u2022 Laborator\u00eb e kabinete ku alternohet teoria me praktik\u00ebn. Hap\u00ebsira \u00e7lodh\u00ebse t\u00eb bollshme e t\u00eb gjelb\u00ebruara.<br \/> \u2022 Klim\u00ebs inkurajuese p\u00ebr nx\u00ebn\u00ebsit<br \/> \u2022 Nxitje p\u00ebr prirje te vecanta.<br \/> \u2022 M\u00ebsimdh\u00ebnie aktive dhe llogjike<br \/> \u2022 Klime mb\u00ebshtet\u00ebse per punen ne grup dhe individuale.<\/p>\n<p class=\"has-background has-medium-font-size has-pale-cyan-blue-background-color\"><strong>KAMPIONE KUDO<\/strong><\/p>\n<p>Nx\u00ebn\u00ebsit tan\u00eb jan\u00eb t\u00eb talentuasr edhe n\u00eb\u00a0 n\u00eb sporte, si: basketboll, volejboll, boks, kun jan\u00eb\u00a0 jan\u00eb vler\u00ebsuar me \u00e7ertifikata e \u00e7mime t\u00eb ndryshme. <br \/>Ekipet p\u00ebrfaq\u00ebsuese t\u00eb shkoll\u00ebs si p\u00ebr femra, ashtu edhe p\u00ebr meshkuj kan\u00eb p\u00ebrfaq\u00ebsuar shkoll\u00ebn n\u00eb aktivitetet sportive zhvilluar midis shkollave t\u00eb qytetit, duke i sjell\u00eb shkoll\u00ebs son\u00eb Tituj e Trofe t\u00eb shumt\u00eb. <\/p>\n<figure class=\"wp-block-image\"><img loading=\"lazy\" decoding=\"async\" width=\"1024\" height=\"576\" src=\"http:\/\/gjimnazi-perla.edu.al\/wp-content\/uploads\/2019\/04\/aktivitet-sportiv-10-1-1024x576.jpg\" alt=\"\" class=\"wp-image-1324\" srcset=\"https:\/\/gjimnazi-perla.edu.al\/wp-content\/uploads\/2019\/04\/aktivitet-sportiv-10-1-1024x576.jpg 1024w, https:\/\/gjimnazi-perla.edu.al\/wp-content\/uploads\/2019\/04\/aktivitet-sportiv-10-1-300x169.jpg 300w, https:\/\/gjimnazi-perla.edu.al\/wp-content\/uploads\/2019\/04\/aktivitet-sportiv-10-1-768x432.jpg 768w\" sizes=\"auto, (max-width: 1024px) 100vw, 1024px\" \/><\/figure>\n<p class=\"has-background has-medium-font-size has-pale-cyan-blue-background-color\">EDUKIM E DASHURI&nbsp;<br \/>\nPER LIBRIN JASHTSHKOLLOR<\/p>\n<p>Libri \u00ebsht\u00eb mjeti m\u00eb efikas n\u00eb formimin intelektual, e<br \/>\nqytetar t\u00eb nx\u00ebn\u00ebsit. Shkolla jon\u00eb organizon shpesh her\u00eb simpoziume, takime letrare,<br \/>\nsi edhe promovime t\u00eb veprave t\u00eb autor\u00ebve e shkrimtar\u00ebve t\u00eb ndrysh\u00ebm shqiptar\u00eb, si:<\/p>\n<ul class=\"wp-block-list\">\n<li>GANI<br \/>\nRADKOCERRI me librin (100 vjetori i Pavaresis\u00eb Shqiptare)<\/li>\n<li>FATOS<br \/>\nKONGOLI (L\u00ebkura e qenit, Ne t\u00eb tre, Te porta e Sh\u00ebn Pjetrit, Jet\u00eb n\u00eb nj\u00eb kuti shkrep\u00ebsesh)<\/li>\n<li>QEREM CANAJ (<br \/>\nGjethi i kuq )<\/li>\n<li>GEZIM ZILJA (Tigri<br \/>\ni fushave t\u00eb blerta )<\/li>\n<\/ul>\n<p>S\u00eb fundmi n\u00eb ambientet e shkoll\u00ebs u promovua libri me poezi \u201cK\u00ebrcim n\u00eb Bosh\u201d i aktorit t\u00eb shquar, yllit t\u00eb Kinematografis\u00eb Shqiptare,TIMO FLLOKO.<\/p>\n<figure class=\"wp-block-image\"><img loading=\"lazy\" decoding=\"async\" width=\"1024\" height=\"576\" src=\"http:\/\/gjimnazi-perla.edu.al\/wp-content\/uploads\/2019\/04\/DSC09452-1024x576.jpg\" alt=\"\" class=\"wp-image-1306\" srcset=\"https:\/\/gjimnazi-perla.edu.al\/wp-content\/uploads\/2019\/04\/DSC09452-1024x576.jpg 1024w, https:\/\/gjimnazi-perla.edu.al\/wp-content\/uploads\/2019\/04\/DSC09452-300x169.jpg 300w, https:\/\/gjimnazi-perla.edu.al\/wp-content\/uploads\/2019\/04\/DSC09452-768x432.jpg 768w\" sizes=\"auto, (max-width: 1024px) 100vw, 1024px\" \/><\/figure>\n<p>N\u00eb tradit\u00ebn e saj shkolla ka pasur nx\u00ebn\u00ebse t\u00eb talentuara n\u00eb<br \/>\nlet\u00ebrsi &nbsp;t\u00eb cilat kan\u00eb botuar e<br \/>\nprezantuar disa libra me poezi e proz\u00eb:<\/p>\n<p>Sirius Beqaraj, Albiona Rrapi, Fabiola Bejaj, Arjola Sako,<br \/>\nAurora Mehmetaj, Ines Stasa.<\/p>\n","protected":false},"excerpt":{"rendered":"<p>N\u00eb shkoll\u00ebn \u201cPERLA\u201d edukoheni me nj\u00eb kultur\u00eb studimi sistematik dhe llogaridhenese. \u2022 Nxitje p\u00ebr zhvillimin e aft\u00ebsive. \u2022 K\u00ebtu \u00e7do nx\u00ebn\u00ebs gjen motivim. \u2022 Ambjente komode p\u00ebr studim. \u2022 Laborator\u00eb e kabinete ku alternohet teoria me praktik\u00ebn. Hap\u00ebsira \u00e7lodh\u00ebse t\u00eb bollshme e t\u00eb gjelb\u00ebruara. \u2022 Klim\u00ebs inkurajuese p\u00ebr nx\u00ebn\u00ebsit \u2022 Nxitje p\u00ebr prirje te vecanta. [&hellip;]<\/p>\n","protected":false},"author":1,"featured_media":1013,"parent":0,"menu_order":0,"comment_status":"closed","ping_status":"closed","template":"","meta":{"footnotes":""},"class_list":["post-1030","page","type-page","status-publish","has-post-thumbnail","hentry"],"_links":{"self":[{"href":"https:\/\/gjimnazi-perla.edu.al\/index.php?rest_route=\/wp\/v2\/pages\/1030","targetHints":{"allow":["GET"]}}],"collection":[{"href":"https:\/\/gjimnazi-perla.edu.al\/index.php?rest_route=\/wp\/v2\/pages"}],"about":[{"href":"https:\/\/gjimnazi-perla.edu.al\/index.php?rest_route=\/wp\/v2\/types\/page"}],"author":[{"embeddable":true,"href":"https:\/\/gjimnazi-perla.edu.al\/index.php?rest_route=\/wp\/v2\/users\/1"}],"replies":[{"embeddable":true,"href":"https:\/\/gjimnazi-perla.edu.al\/index.php?rest_route=%2Fwp%2Fv2%2Fcomments&post=1030"}],"version-history":[{"count":5,"href":"https:\/\/gjimnazi-perla.edu.al\/index.php?rest_route=\/wp\/v2\/pages\/1030\/revisions"}],"predecessor-version":[{"id":1325,"href":"https:\/\/gjimnazi-perla.edu.al\/index.php?rest_route=\/wp\/v2\/pages\/1030\/revisions\/1325"}],"wp:featuredmedia":[{"embeddable":true,"href":"https:\/\/gjimnazi-perla.edu.al\/index.php?rest_route=\/wp\/v2\/media\/1013"}],"wp:attachment":[{"href":"https:\/\/gjimnazi-perla.edu.al\/index.php?rest_route=%2Fwp%2Fv2%2Fmedia&parent=1030"}],"curies":[{"name":"wp","href":"https:\/\/api.w.org\/{rel}","templated":true}]}}